{"id":3408,"date":"2020-02-07T10:36:48","date_gmt":"2020-02-07T09:36:48","guid":{"rendered":"https:\/\/acjbb-sud.org\/?page_id=3408"},"modified":"2020-02-07T10:55:19","modified_gmt":"2020-02-07T09:55:19","slug":"cours-rav-mikael-mouyal","status":"publish","type":"page","link":"https:\/\/acjbb-sud.org\/index.php\/cours-rav-mikael-mouyal\/","title":{"rendered":"Cours du Rav Mikael MOUYAL"},"content":{"rendered":"<p>Le <strong>Rav Mikael MOUYAL<\/strong> donne un cours de Gu\u00e9mara, sur le trait\u00e9 de <em><strong>Baba Metsia<\/strong><\/em>, tous les mercredis<strong> soir \u00e0 21h30<\/strong> \u00e0 l&rsquo;<strong>ACJBB Sud<\/strong>, 134 bis rue du Point du Jour.<\/p>\n<p>Retrouvez tous les cours :<\/p>\n<p>&#8211; Le cours du <a href=\"https:\/\/drive.google.com\/file\/d\/16gL0M93yI-3eIL1Y8muqfP8cnFsbPDgR\/view?usp=drivesdk\" target=\"_blank\" rel=\"noopener noreferrer\">29\/01\/2020<\/a>.<\/p>\n<p>&#8211; Le cours du <a href=\"https:\/\/drive.google.com\/file\/d\/1BCJqGTd2H-UWFnWHALHdNW0-7E7yRCGl\/view?usp=drivesdk\" target=\"_blank\" rel=\"noopener noreferrer\">22\/01\/2020<\/a>.<\/p>\n<p>&#8211; Le cours du <a href=\"https:\/\/drive.google.com\/file\/d\/1nkqJoZONHavW1d9GAsRJ6ssV3rx2wepM\/view?usp=drivesdk\" target=\"_blank\" rel=\"noopener noreferrer\">08\/01\/2020<\/a>.<\/p>\n<p>&#8211; Le cours du <a href=\"https:\/\/drive.google.com\/file\/d\/17p_snvgPLD5UMax-Mv04MJDhMto6FdyP\/view?usp=drivesdk\" target=\"_blank\" rel=\"noopener noreferrer\">01\/01\/2020<\/a>.<\/p>\n<p>&#8211; Le cours du <a href=\"https:\/\/drive.google.com\/file\/d\/1eXWZv9ErpqZd6MX24olivtB8Zu_nrPyB\/view?usp=drivesdk\" target=\"_blank\" rel=\"noopener noreferrer\">12\/12\/2019<\/a>.<\/p>\n","protected":false},"excerpt":{"rendered":"<p>Le Rav Mikael MOUYAL donne un cours de Gu\u00e9mara, sur le trait\u00e9 de Baba Metsia, tous les mercredis soir \u00e0 21h30 \u00e0 l&rsquo;ACJBB Sud, 134 bis rue du Point du Jour. Retrouvez tous les cours : &#8211; Le cours du 29\/01\/2020. &#8211; Le cours du 22\/01\/2020. &#8211; Le cours du 08\/01\/2020. &#8211; Le cours du &hellip; <\/p>\n<p><a class=\"more-link btn\" href=\"https:\/\/acjbb-sud.org\/index.php\/cours-rav-mikael-mouyal\/\">Lire la suite<\/a><\/p>\n","protected":false},"author":1,"featured_media":0,"parent":0,"menu_order":0,"comment_status":"closed","ping_status":"closed","template":"","meta":{"jetpack_post_was_ever_published":false,"footnotes":""},"class_list":["post-3408","page","type-page","status-publish","hentry","nodate","item-wrap"],"yoast_head":"<!-- This site is optimized with the Yoast SEO plugin v26.6 - https:\/\/yoast.com\/wordpress\/plugins\/seo\/ -->\n<title>Cours du Rav Mikael MOUYAL - Synagogue ACJBB Boulogne Sud<\/title>\n<meta name=\"robots\" content=\"index, follow, max-snippet:-1, max-image-preview:large, max-video-preview:-1\" \/>\n<link rel=\"canonical\" href=\"https:\/\/acjbb-sud.org\/index.php\/cours-rav-mikael-mouyal\/\" \/>\n<meta property=\"og:locale\" content=\"fr_FR\" \/>\n<meta property=\"og:type\" content=\"article\" \/>\n<meta property=\"og:title\" content=\"Cours du Rav Mikael MOUYAL - Synagogue ACJBB Boulogne Sud\" \/>\n<meta property=\"og:description\" content=\"Le Rav Mikael MOUYAL donne un cours de Gu\u00e9mara, sur le trait\u00e9 de Baba Metsia, tous les mercredis soir \u00e0 21h30 \u00e0 l&rsquo;ACJBB Sud, 134 bis rue du Point du Jour. Retrouvez tous les cours : &#8211; Le cours du 29\/01\/2020. &#8211; Le cours du 22\/01\/2020. &#8211; Le cours du 08\/01\/2020. &#8211; Le cours du &hellip; Lire la suite\" \/>\n<meta property=\"og:url\" content=\"https:\/\/acjbb-sud.org\/index.php\/cours-rav-mikael-mouyal\/\" \/>\n<meta property=\"og:site_name\" content=\"Synagogue ACJBB Boulogne Sud\" \/>\n<meta property=\"article:modified_time\" content=\"2020-02-07T09:55:19+00:00\" \/>\n<meta name=\"twitter:card\" content=\"summary_large_image\" \/>\n<script type=\"application\/ld+json\" class=\"yoast-schema-graph\">{\"@context\":\"https:\/\/schema.org\",\"@graph\":[{\"@type\":\"WebPage\",\"@id\":\"https:\/\/acjbb-sud.org\/index.php\/cours-rav-mikael-mouyal\/\",\"url\":\"https:\/\/acjbb-sud.org\/index.php\/cours-rav-mikael-mouyal\/\",\"name\":\"Cours du Rav Mikael MOUYAL - Synagogue ACJBB Boulogne Sud\",\"isPartOf\":{\"@id\":\"https:\/\/acjbb-sud.org\/#website\"},\"datePublished\":\"2020-02-07T09:36:48+00:00\",\"dateModified\":\"2020-02-07T09:55:19+00:00\",\"breadcrumb\":{\"@id\":\"https:\/\/acjbb-sud.org\/index.php\/cours-rav-mikael-mouyal\/#breadcrumb\"},\"inLanguage\":\"fr-FR\",\"potentialAction\":[{\"@type\":\"ReadAction\",\"target\":[\"https:\/\/acjbb-sud.org\/index.php\/cours-rav-mikael-mouyal\/\"]}]},{\"@type\":\"BreadcrumbList\",\"@id\":\"https:\/\/acjbb-sud.org\/index.php\/cours-rav-mikael-mouyal\/#breadcrumb\",\"itemListElement\":[{\"@type\":\"ListItem\",\"position\":1,\"name\":\"Accueil\",\"item\":\"https:\/\/acjbb-sud.org\/\"},{\"@type\":\"ListItem\",\"position\":2,\"name\":\"Cours du Rav Mikael MOUYAL\"}]},{\"@type\":\"WebSite\",\"@id\":\"https:\/\/acjbb-sud.org\/#website\",\"url\":\"https:\/\/acjbb-sud.org\/\",\"name\":\"Synagogue ACJBB Boulogne Sud\",\"description\":\"Synagogue \/ Association Communautaire Juive de Boulogne Billancourt (Sud)\",\"potentialAction\":[{\"@type\":\"SearchAction\",\"target\":{\"@type\":\"EntryPoint\",\"urlTemplate\":\"https:\/\/acjbb-sud.org\/?s={search_term_string}\"},\"query-input\":{\"@type\":\"PropertyValueSpecification\",\"valueRequired\":true,\"valueName\":\"search_term_string\"}}],\"inLanguage\":\"fr-FR\"}]}<\/script>\n<!-- \/ Yoast SEO plugin. -->","yoast_head_json":{"title":"Cours du Rav Mikael MOUYAL - Synagogue ACJBB Boulogne Sud","robots":{"index":"index","follow":"follow","max-snippet":"max-snippet:-1","max-image-preview":"max-image-preview:large","max-video-preview":"max-video-preview:-1"},"canonical":"https:\/\/acjbb-sud.org\/index.php\/cours-rav-mikael-mouyal\/","og_locale":"fr_FR","og_type":"article","og_title":"Cours du Rav Mikael MOUYAL - Synagogue ACJBB Boulogne Sud","og_description":"Le Rav Mikael MOUYAL donne un cours de Gu\u00e9mara, sur le trait\u00e9 de Baba Metsia, tous les mercredis soir \u00e0 21h30 \u00e0 l&rsquo;ACJBB Sud, 134 bis rue du Point du Jour. Retrouvez tous les cours : &#8211; Le cours du 29\/01\/2020. &#8211; Le cours du 22\/01\/2020. &#8211; Le cours du 08\/01\/2020. &#8211; Le cours du &hellip; Lire la suite","og_url":"https:\/\/acjbb-sud.org\/index.php\/cours-rav-mikael-mouyal\/","og_site_name":"Synagogue ACJBB Boulogne Sud","article_modified_time":"2020-02-07T09:55:19+00:00","twitter_card":"summary_large_image","schema":{"@context":"https:\/\/schema.org","@graph":[{"@type":"WebPage","@id":"https:\/\/acjbb-sud.org\/index.php\/cours-rav-mikael-mouyal\/","url":"https:\/\/acjbb-sud.org\/index.php\/cours-rav-mikael-mouyal\/","name":"Cours du Rav Mikael MOUYAL - Synagogue ACJBB Boulogne Sud","isPartOf":{"@id":"https:\/\/acjbb-sud.org\/#website"},"datePublished":"2020-02-07T09:36:48+00:00","dateModified":"2020-02-07T09:55:19+00:00","breadcrumb":{"@id":"https:\/\/acjbb-sud.org\/index.php\/cours-rav-mikael-mouyal\/#breadcrumb"},"inLanguage":"fr-FR","potentialAction":[{"@type":"ReadAction","target":["https:\/\/acjbb-sud.org\/index.php\/cours-rav-mikael-mouyal\/"]}]},{"@type":"BreadcrumbList","@id":"https:\/\/acjbb-sud.org\/index.php\/cours-rav-mikael-mouyal\/#breadcrumb","itemListElement":[{"@type":"ListItem","position":1,"name":"Accueil","item":"https:\/\/acjbb-sud.org\/"},{"@type":"ListItem","position":2,"name":"Cours du Rav Mikael MOUYAL"}]},{"@type":"WebSite","@id":"https:\/\/acjbb-sud.org\/#website","url":"https:\/\/acjbb-sud.org\/","name":"Synagogue ACJBB Boulogne Sud","description":"Synagogue \/ Association Communautaire Juive de Boulogne Billancourt (Sud)","potentialAction":[{"@type":"SearchAction","target":{"@type":"EntryPoint","urlTemplate":"https:\/\/acjbb-sud.org\/?s={search_term_string}"},"query-input":{"@type":"PropertyValueSpecification","valueRequired":true,"valueName":"search_term_string"}}],"inLanguage":"fr-FR"}]}},"jetpack_sharing_enabled":true,"jetpack_shortlink":"https:\/\/wp.me\/P7sjOI-SY","jetpack_likes_enabled":true,"_links":{"self":[{"href":"https:\/\/acjbb-sud.org\/index.php\/wp-json\/wp\/v2\/pages\/3408","targetHints":{"allow":["GET"]}}],"collection":[{"href":"https:\/\/acjbb-sud.org\/index.php\/wp-json\/wp\/v2\/pages"}],"about":[{"href":"https:\/\/acjbb-sud.org\/index.php\/wp-json\/wp\/v2\/types\/page"}],"author":[{"embeddable":true,"href":"https:\/\/acjbb-sud.org\/index.php\/wp-json\/wp\/v2\/users\/1"}],"replies":[{"embeddable":true,"href":"https:\/\/acjbb-sud.org\/index.php\/wp-json\/wp\/v2\/comments?post=3408"}],"version-history":[{"count":2,"href":"https:\/\/acjbb-sud.org\/index.php\/wp-json\/wp\/v2\/pages\/3408\/revisions"}],"predecessor-version":[{"id":3414,"href":"https:\/\/acjbb-sud.org\/index.php\/wp-json\/wp\/v2\/pages\/3408\/revisions\/3414"}],"wp:attachment":[{"href":"https:\/\/acjbb-sud.org\/index.php\/wp-json\/wp\/v2\/media?parent=3408"}],"curies":[{"name":"wp","href":"https:\/\/api.w.org\/{rel}","templated":true}]}}