{"id":45,"date":"2016-04-25T20:19:23","date_gmt":"2016-04-25T19:19:23","guid":{"rendered":"http:\/\/www.acjbb-sud.org\/?page_id=45"},"modified":"2022-03-03T14:54:01","modified_gmt":"2022-03-03T13:54:01","slug":"centre-culturel-juif-boulogne-billancourt","status":"publish","type":"page","link":"https:\/\/acjbb-sud.org\/index.php\/centre-culturel-juif-boulogne-billancourt\/","title":{"rendered":"Centre Culturel Juif de Boulogne Billancourt"},"content":{"rendered":"\n<p id=\"block-1a224de9-3276-4fc8-ba3f-fd19c0e1f5a3\">Le nouveau <a href=\"https:\/\/ccj-boulogne.com\" target=\"_blank\" rel=\"noreferrer noopener\">Centre Culturel juif de Boulogne<\/a> se situe \u00e0 l\u2019angle des rues Marcel Dassault et Barth\u00e9l\u00e9my Danjou.<\/p>\n\n\n\n<p id=\"block-41d933ca-9886-487d-a642-c8ca33b4d8ee\">Il comprendra notamment :<\/p>\n\n\n\n<ul class=\"wp-block-list\" id=\"block-bc74a488-8718-4d73-ae4a-3c4664830925\"><li>Une Synagogue<\/li><li>Le Centre Communautaire (CCIBB)<\/li><li>Une salle polyvalente<\/li><li>Une salle des f\u00eates<\/li><\/ul>\n\n\n\n<p id=\"block-223f5a99-e9bd-4b84-a6c3-0ddbe1853b13\">Vous avez une occasion unique d\u2019inscrire votre nom, celui de vos familles, celui de vos disparus, dans un projet qui marquera l\u2019avenir de la vie juive \u00e0 Boulogne-Billancourt.<\/p>\n\n\n\n<figure class=\"wp-block-image\"><img loading=\"lazy\" decoding=\"async\" width=\"800\" height=\"450\" src=\"https:\/\/acjbb-sud.org\/wp-content\/uploads\/2022\/01\/ACJBB-CCJ92-Centre-Culturel-Juif-Boulogne-vue-cour-800-logos.png\" alt=\"\" class=\"wp-image-5164\" srcset=\"https:\/\/acjbb-sud.org\/wp-content\/uploads\/2022\/01\/ACJBB-CCJ92-Centre-Culturel-Juif-Boulogne-vue-cour-800-logos.png 800w, https:\/\/acjbb-sud.org\/wp-content\/uploads\/2022\/01\/ACJBB-CCJ92-Centre-Culturel-Juif-Boulogne-vue-cour-800-logos-300x169.png 300w, https:\/\/acjbb-sud.org\/wp-content\/uploads\/2022\/01\/ACJBB-CCJ92-Centre-Culturel-Juif-Boulogne-vue-cour-800-logos-768x432.png 768w, https:\/\/acjbb-sud.org\/wp-content\/uploads\/2022\/01\/ACJBB-CCJ92-Centre-Culturel-Juif-Boulogne-vue-cour-800-logos-720x405.png 720w\" sizes=\"auto, (max-width: 800px) 100vw, 800px\" \/><\/figure>\n\n\n\n<p id=\"block-2472cef2-f3a1-44e3-bed8-19df0101f2b3\">Devenez acteur du devenir de la vie juive \u00e0 Boulogne en faisant un don pour la construction du Centre Culturel de Boulogne. Vous pouvez d\u00e9cider de diriger votre don vers la synagogue ACJBB ou vers le CCIBB, en nous l\u2019indiquant par message.<\/p>\n\n\n\n<p id=\"block-56cd1106-7046-4874-8498-c929557e25c1\">Si vous avez des question, <a href=\"mailto:synamail@acjbb.com?subject=&quot;Question sur la construction du Centre culturel&quot;\">envoyez-nous un message<\/a> !<\/p>\n\n\n\n<p id=\"block-46b01a20-1fad-4156-a639-d2d621f5698d\"><a rel=\"noreferrer noopener\" href=\"https:\/\/www.helloasso.com\/associations\/acjbb-2\/collectes\/construction-du-centre-juif-de-boulogne\" target=\"_blank\">Je participe \u00e0 la collecte pour la construction<\/a>.<\/p>\n","protected":false},"excerpt":{"rendered":"<p>Le nouveau Centre Culturel juif de Boulogne se situe \u00e0 l\u2019angle des rues Marcel Dassault et Barth\u00e9l\u00e9my Danjou. Il comprendra notamment : Une Synagogue Le Centre Communautaire (CCIBB) Une salle polyvalente Une salle des f\u00eates Vous avez une occasion unique d\u2019inscrire votre nom, celui de vos familles, celui de vos disparus, dans un projet qui &hellip; <\/p>\n<p><a class=\"more-link btn\" href=\"https:\/\/acjbb-sud.org\/index.php\/centre-culturel-juif-boulogne-billancourt\/\">Lire la suite<\/a><\/p>\n","protected":false},"author":1,"featured_media":401,"parent":0,"menu_order":3,"comment_status":"closed","ping_status":"closed","template":"","meta":{"jetpack_post_was_ever_published":false,"footnotes":""},"class_list":["post-45","page","type-page","status-publish","has-post-thumbnail","hentry","nodate","item-wrap"],"yoast_head":"<!-- This site is optimized with the Yoast SEO plugin v26.6 - https:\/\/yoast.com\/wordpress\/plugins\/seo\/ -->\n<title>Centre Culturel Juif de Boulogne Billancourt - Synagogue ACJBB Boulogne Sud<\/title>\n<meta name=\"robots\" content=\"index, follow, max-snippet:-1, max-image-preview:large, max-video-preview:-1\" \/>\n<link rel=\"canonical\" href=\"https:\/\/acjbb-sud.org\/index.php\/centre-culturel-juif-boulogne-billancourt\/\" \/>\n<meta property=\"og:locale\" content=\"fr_FR\" \/>\n<meta property=\"og:type\" content=\"article\" \/>\n<meta property=\"og:title\" content=\"Centre Culturel Juif de Boulogne Billancourt - Synagogue ACJBB Boulogne Sud\" \/>\n<meta property=\"og:description\" content=\"Le nouveau Centre Culturel juif de Boulogne se situe \u00e0 l\u2019angle des rues Marcel Dassault et Barth\u00e9l\u00e9my Danjou. Il comprendra notamment : Une Synagogue Le Centre Communautaire (CCIBB) Une salle polyvalente Une salle des f\u00eates Vous avez une occasion unique d\u2019inscrire votre nom, celui de vos familles, celui de vos disparus, dans un projet qui &hellip; Lire la suite\" \/>\n<meta property=\"og:url\" content=\"https:\/\/acjbb-sud.org\/index.php\/centre-culturel-juif-boulogne-billancourt\/\" \/>\n<meta property=\"og:site_name\" content=\"Synagogue ACJBB Boulogne Sud\" \/>\n<meta property=\"article:modified_time\" content=\"2022-03-03T13:54:01+00:00\" \/>\n<meta property=\"og:image\" content=\"https:\/\/acjbb-sud.org\/wp-content\/uploads\/2017\/01\/Acjbb-projet-centre-culturel-juif-boulogne-1.png\" \/>\n\t<meta property=\"og:image:width\" content=\"621\" \/>\n\t<meta property=\"og:image:height\" content=\"416\" \/>\n\t<meta property=\"og:image:type\" content=\"image\/png\" \/>\n<meta name=\"twitter:card\" content=\"summary_large_image\" \/>\n<meta name=\"twitter:label1\" content=\"Dur\u00e9e de lecture estim\u00e9e\" \/>\n\t<meta name=\"twitter:data1\" content=\"1 minute\" \/>\n<script type=\"application\/ld+json\" class=\"yoast-schema-graph\">{\"@context\":\"https:\/\/schema.org\",\"@graph\":[{\"@type\":\"WebPage\",\"@id\":\"https:\/\/acjbb-sud.org\/index.php\/centre-culturel-juif-boulogne-billancourt\/\",\"url\":\"https:\/\/acjbb-sud.org\/index.php\/centre-culturel-juif-boulogne-billancourt\/\",\"name\":\"Centre Culturel Juif de Boulogne Billancourt - Synagogue ACJBB Boulogne Sud\",\"isPartOf\":{\"@id\":\"https:\/\/acjbb-sud.org\/#website\"},\"primaryImageOfPage\":{\"@id\":\"https:\/\/acjbb-sud.org\/index.php\/centre-culturel-juif-boulogne-billancourt\/#primaryimage\"},\"image\":{\"@id\":\"https:\/\/acjbb-sud.org\/index.php\/centre-culturel-juif-boulogne-billancourt\/#primaryimage\"},\"thumbnailUrl\":\"https:\/\/acjbb-sud.org\/wp-content\/uploads\/2017\/01\/Acjbb-projet-centre-culturel-juif-boulogne-1.png\",\"datePublished\":\"2016-04-25T19:19:23+00:00\",\"dateModified\":\"2022-03-03T13:54:01+00:00\",\"breadcrumb\":{\"@id\":\"https:\/\/acjbb-sud.org\/index.php\/centre-culturel-juif-boulogne-billancourt\/#breadcrumb\"},\"inLanguage\":\"fr-FR\",\"potentialAction\":[{\"@type\":\"ReadAction\",\"target\":[\"https:\/\/acjbb-sud.org\/index.php\/centre-culturel-juif-boulogne-billancourt\/\"]}]},{\"@type\":\"ImageObject\",\"inLanguage\":\"fr-FR\",\"@id\":\"https:\/\/acjbb-sud.org\/index.php\/centre-culturel-juif-boulogne-billancourt\/#primaryimage\",\"url\":\"https:\/\/acjbb-sud.org\/wp-content\/uploads\/2017\/01\/Acjbb-projet-centre-culturel-juif-boulogne-1.png\",\"contentUrl\":\"https:\/\/acjbb-sud.org\/wp-content\/uploads\/2017\/01\/Acjbb-projet-centre-culturel-juif-boulogne-1.png\",\"width\":621,\"height\":416},{\"@type\":\"BreadcrumbList\",\"@id\":\"https:\/\/acjbb-sud.org\/index.php\/centre-culturel-juif-boulogne-billancourt\/#breadcrumb\",\"itemListElement\":[{\"@type\":\"ListItem\",\"position\":1,\"name\":\"Accueil\",\"item\":\"https:\/\/acjbb-sud.org\/\"},{\"@type\":\"ListItem\",\"position\":2,\"name\":\"Centre Culturel Juif de Boulogne Billancourt\"}]},{\"@type\":\"WebSite\",\"@id\":\"https:\/\/acjbb-sud.org\/#website\",\"url\":\"https:\/\/acjbb-sud.org\/\",\"name\":\"Synagogue ACJBB Boulogne Sud\",\"description\":\"Synagogue \/ Association Communautaire Juive de Boulogne Billancourt (Sud)\",\"potentialAction\":[{\"@type\":\"SearchAction\",\"target\":{\"@type\":\"EntryPoint\",\"urlTemplate\":\"https:\/\/acjbb-sud.org\/?s={search_term_string}\"},\"query-input\":{\"@type\":\"PropertyValueSpecification\",\"valueRequired\":true,\"valueName\":\"search_term_string\"}}],\"inLanguage\":\"fr-FR\"}]}<\/script>\n<!-- \/ Yoast SEO plugin. -->","yoast_head_json":{"title":"Centre Culturel Juif de Boulogne Billancourt - Synagogue ACJBB Boulogne Sud","robots":{"index":"index","follow":"follow","max-snippet":"max-snippet:-1","max-image-preview":"max-image-preview:large","max-video-preview":"max-video-preview:-1"},"canonical":"https:\/\/acjbb-sud.org\/index.php\/centre-culturel-juif-boulogne-billancourt\/","og_locale":"fr_FR","og_type":"article","og_title":"Centre Culturel Juif de Boulogne Billancourt - Synagogue ACJBB Boulogne Sud","og_description":"Le nouveau Centre Culturel juif de Boulogne se situe \u00e0 l\u2019angle des rues Marcel Dassault et Barth\u00e9l\u00e9my Danjou. Il comprendra notamment : Une Synagogue Le Centre Communautaire (CCIBB) Une salle polyvalente Une salle des f\u00eates Vous avez une occasion unique d\u2019inscrire votre nom, celui de vos familles, celui de vos disparus, dans un projet qui &hellip; Lire la suite","og_url":"https:\/\/acjbb-sud.org\/index.php\/centre-culturel-juif-boulogne-billancourt\/","og_site_name":"Synagogue ACJBB Boulogne Sud","article_modified_time":"2022-03-03T13:54:01+00:00","og_image":[{"width":621,"height":416,"url":"https:\/\/acjbb-sud.org\/wp-content\/uploads\/2017\/01\/Acjbb-projet-centre-culturel-juif-boulogne-1.png","type":"image\/png"}],"twitter_card":"summary_large_image","twitter_misc":{"Dur\u00e9e de lecture estim\u00e9e":"1 minute"},"schema":{"@context":"https:\/\/schema.org","@graph":[{"@type":"WebPage","@id":"https:\/\/acjbb-sud.org\/index.php\/centre-culturel-juif-boulogne-billancourt\/","url":"https:\/\/acjbb-sud.org\/index.php\/centre-culturel-juif-boulogne-billancourt\/","name":"Centre Culturel Juif de Boulogne Billancourt - Synagogue ACJBB Boulogne Sud","isPartOf":{"@id":"https:\/\/acjbb-sud.org\/#website"},"primaryImageOfPage":{"@id":"https:\/\/acjbb-sud.org\/index.php\/centre-culturel-juif-boulogne-billancourt\/#primaryimage"},"image":{"@id":"https:\/\/acjbb-sud.org\/index.php\/centre-culturel-juif-boulogne-billancourt\/#primaryimage"},"thumbnailUrl":"https:\/\/acjbb-sud.org\/wp-content\/uploads\/2017\/01\/Acjbb-projet-centre-culturel-juif-boulogne-1.png","datePublished":"2016-04-25T19:19:23+00:00","dateModified":"2022-03-03T13:54:01+00:00","breadcrumb":{"@id":"https:\/\/acjbb-sud.org\/index.php\/centre-culturel-juif-boulogne-billancourt\/#breadcrumb"},"inLanguage":"fr-FR","potentialAction":[{"@type":"ReadAction","target":["https:\/\/acjbb-sud.org\/index.php\/centre-culturel-juif-boulogne-billancourt\/"]}]},{"@type":"ImageObject","inLanguage":"fr-FR","@id":"https:\/\/acjbb-sud.org\/index.php\/centre-culturel-juif-boulogne-billancourt\/#primaryimage","url":"https:\/\/acjbb-sud.org\/wp-content\/uploads\/2017\/01\/Acjbb-projet-centre-culturel-juif-boulogne-1.png","contentUrl":"https:\/\/acjbb-sud.org\/wp-content\/uploads\/2017\/01\/Acjbb-projet-centre-culturel-juif-boulogne-1.png","width":621,"height":416},{"@type":"BreadcrumbList","@id":"https:\/\/acjbb-sud.org\/index.php\/centre-culturel-juif-boulogne-billancourt\/#breadcrumb","itemListElement":[{"@type":"ListItem","position":1,"name":"Accueil","item":"https:\/\/acjbb-sud.org\/"},{"@type":"ListItem","position":2,"name":"Centre Culturel Juif de Boulogne Billancourt"}]},{"@type":"WebSite","@id":"https:\/\/acjbb-sud.org\/#website","url":"https:\/\/acjbb-sud.org\/","name":"Synagogue ACJBB Boulogne Sud","description":"Synagogue \/ Association Communautaire Juive de Boulogne Billancourt (Sud)","potentialAction":[{"@type":"SearchAction","target":{"@type":"EntryPoint","urlTemplate":"https:\/\/acjbb-sud.org\/?s={search_term_string}"},"query-input":{"@type":"PropertyValueSpecification","valueRequired":true,"valueName":"search_term_string"}}],"inLanguage":"fr-FR"}]}},"jetpack_sharing_enabled":true,"jetpack_shortlink":"https:\/\/wp.me\/P7sjOI-J","jetpack_likes_enabled":true,"_links":{"self":[{"href":"https:\/\/acjbb-sud.org\/index.php\/wp-json\/wp\/v2\/pages\/45","targetHints":{"allow":["GET"]}}],"collection":[{"href":"https:\/\/acjbb-sud.org\/index.php\/wp-json\/wp\/v2\/pages"}],"about":[{"href":"https:\/\/acjbb-sud.org\/index.php\/wp-json\/wp\/v2\/types\/page"}],"author":[{"embeddable":true,"href":"https:\/\/acjbb-sud.org\/index.php\/wp-json\/wp\/v2\/users\/1"}],"replies":[{"embeddable":true,"href":"https:\/\/acjbb-sud.org\/index.php\/wp-json\/wp\/v2\/comments?post=45"}],"version-history":[{"count":20,"href":"https:\/\/acjbb-sud.org\/index.php\/wp-json\/wp\/v2\/pages\/45\/revisions"}],"predecessor-version":[{"id":5265,"href":"https:\/\/acjbb-sud.org\/index.php\/wp-json\/wp\/v2\/pages\/45\/revisions\/5265"}],"wp:featuredmedia":[{"embeddable":true,"href":"https:\/\/acjbb-sud.org\/index.php\/wp-json\/wp\/v2\/media\/401"}],"wp:attachment":[{"href":"https:\/\/acjbb-sud.org\/index.php\/wp-json\/wp\/v2\/media?parent=45"}],"curies":[{"name":"wp","href":"https:\/\/api.w.org\/{rel}","templated":true}]}}