{"id":46,"date":"2016-04-25T20:10:10","date_gmt":"2016-04-25T19:10:10","guid":{"rendered":"http:\/\/www.acjbb-sud.org\/?page_id=46"},"modified":"2024-10-19T23:51:06","modified_gmt":"2024-10-19T21:51:06","slug":"faire-un-don","status":"publish","type":"page","link":"https:\/\/acjbb-sud.org\/index.php\/faire-un-don\/","title":{"rendered":"Faire un don"},"content":{"rendered":"\n<p>Pour faire vivre et participer activement \u00e0 ce nouvel office, nous proposons \u00e0 chacun d\u2019entre vous de s\u2019engager \u00e0 verser une somme r\u00e9guli\u00e8re, en fonction de ses moyens. Toutes les participations sont bienvenues et les petits ruisseaux faisant de grandes rivi\u00e8res, nous parviendrons, tous ensemble, \u00e0 faire vivre l\u2019Office de Boulogne Sud.<\/p>\n\n\n\n<p>Nous vous offrons les solutions suivantes :<\/p>\n\n\n\n<ul class=\"wp-block-list\">\n<li>Don par Internet (<a href=\"https:\/\/www.helloasso.com\/associations\/acjbb-2\/formulaires\/18\" target=\"_blank\" rel=\"noreferrer noopener\">AcjbbSud sur HelloAsso<\/a>)<\/li>\n\n\n\n<li>Don ponctuel (ch\u00e8que ou esp\u00e8ces)<\/li>\n\n\n\n<li>Don par virement (Merci de nous contacter en priv\u00e9 nous vous enverrons les informations bancaires)<\/li>\n<\/ul>\n\n\n\n<p>Bien entendu, un re\u00e7u CERFA correspondant \u00e0 votre participation vous sera envoy\u00e9.<\/p>\n\n\n\n<p>Tizkou L\u00e9-Mitsvot !!<\/p>\n\n\n\n<p><\/p>\n","protected":false},"excerpt":{"rendered":"<p>Pour faire vivre et participer activement \u00e0 ce nouvel office, nous proposons \u00e0 chacun d\u2019entre vous de s\u2019engager \u00e0 verser une somme r\u00e9guli\u00e8re, en fonction de ses moyens. Toutes les participations sont bienvenues et les petits ruisseaux faisant de grandes rivi\u00e8res, nous parviendrons, tous ensemble, \u00e0 faire vivre l\u2019Office de Boulogne Sud. Nous vous offrons &hellip; <\/p>\n<p><a class=\"more-link btn\" href=\"https:\/\/acjbb-sud.org\/index.php\/faire-un-don\/\">Lire la suite<\/a><\/p>\n","protected":false},"author":1,"featured_media":0,"parent":0,"menu_order":2,"comment_status":"closed","ping_status":"closed","template":"","meta":{"jetpack_post_was_ever_published":false,"footnotes":""},"class_list":["post-46","page","type-page","status-publish","hentry","nodate","item-wrap"],"yoast_head":"<!-- This site is optimized with the Yoast SEO plugin v26.6 - https:\/\/yoast.com\/wordpress\/plugins\/seo\/ -->\n<title>Faire un don - Synagogue ACJBB Boulogne Sud<\/title>\n<meta name=\"robots\" content=\"index, follow, max-snippet:-1, max-image-preview:large, max-video-preview:-1\" \/>\n<link rel=\"canonical\" href=\"https:\/\/acjbb-sud.org\/index.php\/faire-un-don\/\" \/>\n<meta property=\"og:locale\" content=\"fr_FR\" \/>\n<meta property=\"og:type\" content=\"article\" \/>\n<meta property=\"og:title\" content=\"Faire un don - Synagogue ACJBB Boulogne Sud\" \/>\n<meta property=\"og:description\" content=\"Pour faire vivre et participer activement \u00e0 ce nouvel office, nous proposons \u00e0 chacun d\u2019entre vous de s\u2019engager \u00e0 verser une somme r\u00e9guli\u00e8re, en fonction de ses moyens. Toutes les participations sont bienvenues et les petits ruisseaux faisant de grandes rivi\u00e8res, nous parviendrons, tous ensemble, \u00e0 faire vivre l\u2019Office de Boulogne Sud. Nous vous offrons &hellip; Lire la suite\" \/>\n<meta property=\"og:url\" content=\"https:\/\/acjbb-sud.org\/index.php\/faire-un-don\/\" \/>\n<meta property=\"og:site_name\" content=\"Synagogue ACJBB Boulogne Sud\" \/>\n<meta property=\"article:modified_time\" content=\"2024-10-19T21:51:06+00:00\" \/>\n<meta name=\"twitter:card\" content=\"summary_large_image\" \/>\n<meta name=\"twitter:label1\" content=\"Dur\u00e9e de lecture estim\u00e9e\" \/>\n\t<meta name=\"twitter:data1\" content=\"1 minute\" \/>\n<script type=\"application\/ld+json\" class=\"yoast-schema-graph\">{\"@context\":\"https:\/\/schema.org\",\"@graph\":[{\"@type\":\"WebPage\",\"@id\":\"https:\/\/acjbb-sud.org\/index.php\/faire-un-don\/\",\"url\":\"https:\/\/acjbb-sud.org\/index.php\/faire-un-don\/\",\"name\":\"Faire un don - Synagogue ACJBB Boulogne Sud\",\"isPartOf\":{\"@id\":\"https:\/\/acjbb-sud.org\/#website\"},\"datePublished\":\"2016-04-25T19:10:10+00:00\",\"dateModified\":\"2024-10-19T21:51:06+00:00\",\"breadcrumb\":{\"@id\":\"https:\/\/acjbb-sud.org\/index.php\/faire-un-don\/#breadcrumb\"},\"inLanguage\":\"fr-FR\",\"potentialAction\":[{\"@type\":\"ReadAction\",\"target\":[\"https:\/\/acjbb-sud.org\/index.php\/faire-un-don\/\"]}]},{\"@type\":\"BreadcrumbList\",\"@id\":\"https:\/\/acjbb-sud.org\/index.php\/faire-un-don\/#breadcrumb\",\"itemListElement\":[{\"@type\":\"ListItem\",\"position\":1,\"name\":\"Accueil\",\"item\":\"https:\/\/acjbb-sud.org\/\"},{\"@type\":\"ListItem\",\"position\":2,\"name\":\"Faire un don\"}]},{\"@type\":\"WebSite\",\"@id\":\"https:\/\/acjbb-sud.org\/#website\",\"url\":\"https:\/\/acjbb-sud.org\/\",\"name\":\"Synagogue ACJBB Boulogne Sud\",\"description\":\"Synagogue \/ Association Communautaire Juive de Boulogne Billancourt (Sud)\",\"potentialAction\":[{\"@type\":\"SearchAction\",\"target\":{\"@type\":\"EntryPoint\",\"urlTemplate\":\"https:\/\/acjbb-sud.org\/?s={search_term_string}\"},\"query-input\":{\"@type\":\"PropertyValueSpecification\",\"valueRequired\":true,\"valueName\":\"search_term_string\"}}],\"inLanguage\":\"fr-FR\"}]}<\/script>\n<!-- \/ Yoast SEO plugin. -->","yoast_head_json":{"title":"Faire un don - Synagogue ACJBB Boulogne Sud","robots":{"index":"index","follow":"follow","max-snippet":"max-snippet:-1","max-image-preview":"max-image-preview:large","max-video-preview":"max-video-preview:-1"},"canonical":"https:\/\/acjbb-sud.org\/index.php\/faire-un-don\/","og_locale":"fr_FR","og_type":"article","og_title":"Faire un don - Synagogue ACJBB Boulogne Sud","og_description":"Pour faire vivre et participer activement \u00e0 ce nouvel office, nous proposons \u00e0 chacun d\u2019entre vous de s\u2019engager \u00e0 verser une somme r\u00e9guli\u00e8re, en fonction de ses moyens. Toutes les participations sont bienvenues et les petits ruisseaux faisant de grandes rivi\u00e8res, nous parviendrons, tous ensemble, \u00e0 faire vivre l\u2019Office de Boulogne Sud. Nous vous offrons &hellip; Lire la suite","og_url":"https:\/\/acjbb-sud.org\/index.php\/faire-un-don\/","og_site_name":"Synagogue ACJBB Boulogne Sud","article_modified_time":"2024-10-19T21:51:06+00:00","twitter_card":"summary_large_image","twitter_misc":{"Dur\u00e9e de lecture estim\u00e9e":"1 minute"},"schema":{"@context":"https:\/\/schema.org","@graph":[{"@type":"WebPage","@id":"https:\/\/acjbb-sud.org\/index.php\/faire-un-don\/","url":"https:\/\/acjbb-sud.org\/index.php\/faire-un-don\/","name":"Faire un don - Synagogue ACJBB Boulogne Sud","isPartOf":{"@id":"https:\/\/acjbb-sud.org\/#website"},"datePublished":"2016-04-25T19:10:10+00:00","dateModified":"2024-10-19T21:51:06+00:00","breadcrumb":{"@id":"https:\/\/acjbb-sud.org\/index.php\/faire-un-don\/#breadcrumb"},"inLanguage":"fr-FR","potentialAction":[{"@type":"ReadAction","target":["https:\/\/acjbb-sud.org\/index.php\/faire-un-don\/"]}]},{"@type":"BreadcrumbList","@id":"https:\/\/acjbb-sud.org\/index.php\/faire-un-don\/#breadcrumb","itemListElement":[{"@type":"ListItem","position":1,"name":"Accueil","item":"https:\/\/acjbb-sud.org\/"},{"@type":"ListItem","position":2,"name":"Faire un don"}]},{"@type":"WebSite","@id":"https:\/\/acjbb-sud.org\/#website","url":"https:\/\/acjbb-sud.org\/","name":"Synagogue ACJBB Boulogne Sud","description":"Synagogue \/ Association Communautaire Juive de Boulogne Billancourt (Sud)","potentialAction":[{"@type":"SearchAction","target":{"@type":"EntryPoint","urlTemplate":"https:\/\/acjbb-sud.org\/?s={search_term_string}"},"query-input":{"@type":"PropertyValueSpecification","valueRequired":true,"valueName":"search_term_string"}}],"inLanguage":"fr-FR"}]}},"jetpack_sharing_enabled":true,"jetpack_shortlink":"https:\/\/wp.me\/P7sjOI-K","jetpack_likes_enabled":true,"_links":{"self":[{"href":"https:\/\/acjbb-sud.org\/index.php\/wp-json\/wp\/v2\/pages\/46","targetHints":{"allow":["GET"]}}],"collection":[{"href":"https:\/\/acjbb-sud.org\/index.php\/wp-json\/wp\/v2\/pages"}],"about":[{"href":"https:\/\/acjbb-sud.org\/index.php\/wp-json\/wp\/v2\/types\/page"}],"author":[{"embeddable":true,"href":"https:\/\/acjbb-sud.org\/index.php\/wp-json\/wp\/v2\/users\/1"}],"replies":[{"embeddable":true,"href":"https:\/\/acjbb-sud.org\/index.php\/wp-json\/wp\/v2\/comments?post=46"}],"version-history":[{"count":3,"href":"https:\/\/acjbb-sud.org\/index.php\/wp-json\/wp\/v2\/pages\/46\/revisions"}],"predecessor-version":[{"id":6785,"href":"https:\/\/acjbb-sud.org\/index.php\/wp-json\/wp\/v2\/pages\/46\/revisions\/6785"}],"wp:attachment":[{"href":"https:\/\/acjbb-sud.org\/index.php\/wp-json\/wp\/v2\/media?parent=46"}],"curies":[{"name":"wp","href":"https:\/\/api.w.org\/{rel}","templated":true}]}}